{"id":235,"date":"2026-03-15T19:11:48","date_gmt":"2026-03-15T19:11:48","guid":{"rendered":"https:\/\/funkenwettkampf.li\/?page_id=235"},"modified":"2026-03-24T20:04:08","modified_gmt":"2026-03-24T20:04:08","slug":"funkenwettkampf-2026-bis","status":"publish","type":"page","link":"https:\/\/funkenwettkampf.li\/?page_id=235","title":{"rendered":"Funkenwettkampf 2026 &#8211; bis"},"content":{"rendered":"<h2 class=\"wp-block-post-title\">Funkenwettkampf 2026 &#8211; bis<\/h2>\n\n\n<p class=\"has-base-2-color has-text-color has-link-color wp-elements-13e359badd55a2b5ac70d8880ae74820\">Was vor vielen Jahren in Bendern begonnen hat, soll auch weiterhin bestehen.<\/p>\n\n\n\n<p class=\"has-base-color has-text-color has-link-color wp-elements-64ff9c2f34af696450b0f3026949d221\">Der Wettkampf ist mittlerweile genauso zur Tradition geworden wie der Funken selbst. Gerne soll dieser liebgewonnene Anlass auch weiterhin bestehen. <br>Es gab viele Variationen. Mal waren die Anl\u00e4sse gr\u00f6sser, mal waren sie kleiner und hatten den Charme einer gem\u00fctlichen Runde am Lagerfeuer. <br>Egal, wie gross eure Funkenzunft ist, keine ist zu klein um einen Funkenwettkampf auszutragen.<\/p>\n\n\n\n<p class=\"has-base-color has-text-color has-link-color wp-elements-cb3ea6f8aa53fbd943f93f0792c88639\">Im Fokus steht am Schluss immer der Spass. Und wenn ihr damit eure Kasse aufbessern k\u00f6nnt, liegt vielleicht ein toller Ausflug oder ein neues Gwand drin. <\/p>\n\n\n\n<p class=\"has-base-color has-text-color has-link-color wp-elements-a2344a6c991a3a68741adb4a2819d5e2\">Es gibt nix zu verlieren, also sichert euch euer Wunschjahr. \ud83d\ude42 <em>Der Schn\u00e4ller isch dr Gschwinder. <\/em><\/p>\n\n\n\n<figure class=\"wp-block-table\"><table class=\"has-base-color has-text-color has-link-color has-fixed-layout\"><tbody><tr><td><strong><mark style=\"background-color:rgba(0, 0, 0, 0);color:#f9f9f9\" class=\"has-inline-color\">Jahr<\/mark><\/strong><\/td><td><strong>Durchf\u00fchrende Funkenzunft<\/strong><\/td><\/tr><tr><td><mark style=\"background-color:rgba(0, 0, 0, 0)\" class=\"has-inline-color has-custom-prim-rfarbe-color\">2026<\/mark><\/td><td><strong><mark style=\"background-color:rgba(0, 0, 0, 0)\" class=\"has-inline-color has-custom-prim-rfarbe-color\">Hinterd\u00f6rfler Funkner, Eschen &#8211; FL<\/mark><\/strong><\/td><\/tr><tr><td>2027<\/td><td><em>verf\u00fcgbar<\/em><\/td><\/tr><tr><td>2028<\/td><td><em>verf\u00fcgbar<\/em><\/td><\/tr><tr><td><mark style=\"background-color:rgba(0, 0, 0, 0)\" class=\"has-inline-color has-custom-prim-rfarbe-color\">2029<\/mark><\/td><td><strong><mark style=\"background-color:rgba(0, 0, 0, 0)\" class=\"has-inline-color has-custom-prim-rfarbe-color\">30 Jahre Funkenzunft Lattenwald, Triesenberg &#8211; FL<\/mark><\/strong><\/td><\/tr><tr><td>2030<\/td><td><em>verf\u00fcgbar<\/em><\/td><\/tr><tr><td>2031<\/td><td><em>verf\u00fcgbar<\/em><\/td><\/tr><tr><td>2032<\/td><td><em>verf\u00fcgbar<\/em><\/td><\/tr><tr><td>2033<\/td><td><em>verf\u00fcgbar<\/em><\/td><\/tr><tr><td>2034<\/td><td><em>verf\u00fcgbar<\/em><\/td><\/tr><tr><td>2035<\/td><td><em>verf\u00fcgbar<\/em><\/td><\/tr><\/tbody><\/table><\/figure>\n\n\n\n<p class=\"has-base-color has-text-color has-link-color wp-elements-4d60668fd0d30610e895e39dc8459f97\">Falls noch jemand weiter hinaus einen Funkenwettkampf planen m\u00f6chte, lasst es mich wissen. Sch\u00f6n w\u00e4re halt, wenn man&#8217;s den noch erleben w\u00fcrde. \ud83d\ude09<\/p>\n","protected":false},"excerpt":{"rendered":"<p>Was vor vielen Jahren in Bendern begonnen hat, soll auch weiterhin bestehen. Der Wettkampf ist mittlerweile genauso zur Tradition geworden wie der Funken selbst. Gerne soll dieser liebgewonnene Anlass auch weiterhin bestehen. Es gab viele Variationen. Mal waren die Anl\u00e4sse gr\u00f6sser, mal waren sie kleiner und hatten den Charme einer gem\u00fctlichen Runde am Lagerfeuer. Egal, [&hellip;]<\/p>\n","protected":false},"author":1,"featured_media":0,"parent":0,"menu_order":0,"comment_status":"closed","ping_status":"closed","template":"page-no-title","meta":{"footnotes":""},"class_list":["post-235","page","type-page","status-publish","hentry"],"yoast_head":"<!-- This site is optimized with the Yoast SEO plugin v26.8 - https:\/\/yoast.com\/product\/yoast-seo-wordpress\/ -->\n<title>Funkenwettkampf 2026 - bis - Funkenwettkampf Liechtenstein<\/title>\n<meta name=\"robots\" content=\"index, follow, max-snippet:-1, max-image-preview:large, max-video-preview:-1\" \/>\n<link rel=\"canonical\" href=\"https:\/\/funkenwettkampf.li\/?page_id=235\" \/>\n<meta property=\"og:locale\" content=\"de_DE\" \/>\n<meta property=\"og:type\" content=\"article\" \/>\n<meta property=\"og:title\" content=\"Funkenwettkampf 2026 - bis - Funkenwettkampf Liechtenstein\" \/>\n<meta property=\"og:description\" content=\"Was vor vielen Jahren in Bendern begonnen hat, soll auch weiterhin bestehen. Der Wettkampf ist mittlerweile genauso zur Tradition geworden wie der Funken selbst. Gerne soll dieser liebgewonnene Anlass auch weiterhin bestehen. Es gab viele Variationen. Mal waren die Anl\u00e4sse gr\u00f6sser, mal waren sie kleiner und hatten den Charme einer gem\u00fctlichen Runde am Lagerfeuer. Egal, [&hellip;]\" \/>\n<meta property=\"og:url\" content=\"https:\/\/funkenwettkampf.li\/?page_id=235\" \/>\n<meta property=\"og:site_name\" content=\"Funkenwettkampf Liechtenstein\" \/>\n<meta property=\"article:modified_time\" content=\"2026-03-24T20:04:08+00:00\" \/>\n<meta name=\"twitter:card\" content=\"summary_large_image\" \/>\n<meta name=\"twitter:label1\" content=\"Gesch\u00e4tzte Lesezeit\" \/>\n\t<meta name=\"twitter:data1\" content=\"1\u00a0Minute\" \/>\n<script type=\"application\/ld+json\" class=\"yoast-schema-graph\">{\"@context\":\"https:\/\/schema.org\",\"@graph\":[{\"@type\":\"WebPage\",\"@id\":\"https:\/\/funkenwettkampf.li\/?page_id=235\",\"url\":\"https:\/\/funkenwettkampf.li\/?page_id=235\",\"name\":\"Funkenwettkampf 2026 - bis - Funkenwettkampf Liechtenstein\",\"isPartOf\":{\"@id\":\"https:\/\/funkenwettkampf.li\/#website\"},\"datePublished\":\"2026-03-15T19:11:48+00:00\",\"dateModified\":\"2026-03-24T20:04:08+00:00\",\"breadcrumb\":{\"@id\":\"https:\/\/funkenwettkampf.li\/?page_id=235#breadcrumb\"},\"inLanguage\":\"de\",\"potentialAction\":[{\"@type\":\"ReadAction\",\"target\":[\"https:\/\/funkenwettkampf.li\/?page_id=235\"]}]},{\"@type\":\"BreadcrumbList\",\"@id\":\"https:\/\/funkenwettkampf.li\/?page_id=235#breadcrumb\",\"itemListElement\":[{\"@type\":\"ListItem\",\"position\":1,\"name\":\"Start\",\"item\":\"https:\/\/funkenwettkampf.li\/\"},{\"@type\":\"ListItem\",\"position\":2,\"name\":\"Funkenwettkampf 2026 &#8211; bis\"}]},{\"@type\":\"WebSite\",\"@id\":\"https:\/\/funkenwettkampf.li\/#website\",\"url\":\"https:\/\/funkenwettkampf.li\/\",\"name\":\"Funkenwettkampf Liechtenstein\",\"description\":\"Funkenz\u00fcnfte messen sich\",\"publisher\":{\"@id\":\"https:\/\/funkenwettkampf.li\/#organization\"},\"potentialAction\":[{\"@type\":\"SearchAction\",\"target\":{\"@type\":\"EntryPoint\",\"urlTemplate\":\"https:\/\/funkenwettkampf.li\/?s={search_term_string}\"},\"query-input\":{\"@type\":\"PropertyValueSpecification\",\"valueRequired\":true,\"valueName\":\"search_term_string\"}}],\"inLanguage\":\"de\"},{\"@type\":\"Organization\",\"@id\":\"https:\/\/funkenwettkampf.li\/#organization\",\"name\":\"Hinterd\u00f6rfler Funkner - Eschen - Liechtenstein\",\"url\":\"https:\/\/funkenwettkampf.li\/\",\"logo\":{\"@type\":\"ImageObject\",\"inLanguage\":\"de\",\"@id\":\"https:\/\/funkenwettkampf.li\/#\/schema\/logo\/image\/\",\"url\":\"https:\/\/funkenwettkampf.li\/wp-content\/uploads\/2026\/01\/background.jpg\",\"contentUrl\":\"https:\/\/funkenwettkampf.li\/wp-content\/uploads\/2026\/01\/background.jpg\",\"width\":1536,\"height\":1024,\"caption\":\"Hinterd\u00f6rfler Funkner - Eschen - Liechtenstein\"},\"image\":{\"@id\":\"https:\/\/funkenwettkampf.li\/#\/schema\/logo\/image\/\"}}]}<\/script>\n<!-- \/ Yoast SEO plugin. -->","yoast_head_json":{"title":"Funkenwettkampf 2026 - bis - Funkenwettkampf Liechtenstein","robots":{"index":"index","follow":"follow","max-snippet":"max-snippet:-1","max-image-preview":"max-image-preview:large","max-video-preview":"max-video-preview:-1"},"canonical":"https:\/\/funkenwettkampf.li\/?page_id=235","og_locale":"de_DE","og_type":"article","og_title":"Funkenwettkampf 2026 - bis - Funkenwettkampf Liechtenstein","og_description":"Was vor vielen Jahren in Bendern begonnen hat, soll auch weiterhin bestehen. Der Wettkampf ist mittlerweile genauso zur Tradition geworden wie der Funken selbst. Gerne soll dieser liebgewonnene Anlass auch weiterhin bestehen. Es gab viele Variationen. Mal waren die Anl\u00e4sse gr\u00f6sser, mal waren sie kleiner und hatten den Charme einer gem\u00fctlichen Runde am Lagerfeuer. Egal, [&hellip;]","og_url":"https:\/\/funkenwettkampf.li\/?page_id=235","og_site_name":"Funkenwettkampf Liechtenstein","article_modified_time":"2026-03-24T20:04:08+00:00","twitter_card":"summary_large_image","twitter_misc":{"Gesch\u00e4tzte Lesezeit":"1\u00a0Minute"},"schema":{"@context":"https:\/\/schema.org","@graph":[{"@type":"WebPage","@id":"https:\/\/funkenwettkampf.li\/?page_id=235","url":"https:\/\/funkenwettkampf.li\/?page_id=235","name":"Funkenwettkampf 2026 - bis - Funkenwettkampf Liechtenstein","isPartOf":{"@id":"https:\/\/funkenwettkampf.li\/#website"},"datePublished":"2026-03-15T19:11:48+00:00","dateModified":"2026-03-24T20:04:08+00:00","breadcrumb":{"@id":"https:\/\/funkenwettkampf.li\/?page_id=235#breadcrumb"},"inLanguage":"de","potentialAction":[{"@type":"ReadAction","target":["https:\/\/funkenwettkampf.li\/?page_id=235"]}]},{"@type":"BreadcrumbList","@id":"https:\/\/funkenwettkampf.li\/?page_id=235#breadcrumb","itemListElement":[{"@type":"ListItem","position":1,"name":"Start","item":"https:\/\/funkenwettkampf.li\/"},{"@type":"ListItem","position":2,"name":"Funkenwettkampf 2026 &#8211; bis"}]},{"@type":"WebSite","@id":"https:\/\/funkenwettkampf.li\/#website","url":"https:\/\/funkenwettkampf.li\/","name":"Funkenwettkampf Liechtenstein","description":"Funkenz\u00fcnfte messen sich","publisher":{"@id":"https:\/\/funkenwettkampf.li\/#organization"},"potentialAction":[{"@type":"SearchAction","target":{"@type":"EntryPoint","urlTemplate":"https:\/\/funkenwettkampf.li\/?s={search_term_string}"},"query-input":{"@type":"PropertyValueSpecification","valueRequired":true,"valueName":"search_term_string"}}],"inLanguage":"de"},{"@type":"Organization","@id":"https:\/\/funkenwettkampf.li\/#organization","name":"Hinterd\u00f6rfler Funkner - Eschen - Liechtenstein","url":"https:\/\/funkenwettkampf.li\/","logo":{"@type":"ImageObject","inLanguage":"de","@id":"https:\/\/funkenwettkampf.li\/#\/schema\/logo\/image\/","url":"https:\/\/funkenwettkampf.li\/wp-content\/uploads\/2026\/01\/background.jpg","contentUrl":"https:\/\/funkenwettkampf.li\/wp-content\/uploads\/2026\/01\/background.jpg","width":1536,"height":1024,"caption":"Hinterd\u00f6rfler Funkner - Eschen - Liechtenstein"},"image":{"@id":"https:\/\/funkenwettkampf.li\/#\/schema\/logo\/image\/"}}]}},"_links":{"self":[{"href":"https:\/\/funkenwettkampf.li\/index.php?rest_route=\/wp\/v2\/pages\/235","targetHints":{"allow":["GET"]}}],"collection":[{"href":"https:\/\/funkenwettkampf.li\/index.php?rest_route=\/wp\/v2\/pages"}],"about":[{"href":"https:\/\/funkenwettkampf.li\/index.php?rest_route=\/wp\/v2\/types\/page"}],"author":[{"embeddable":true,"href":"https:\/\/funkenwettkampf.li\/index.php?rest_route=\/wp\/v2\/users\/1"}],"replies":[{"embeddable":true,"href":"https:\/\/funkenwettkampf.li\/index.php?rest_route=%2Fwp%2Fv2%2Fcomments&post=235"}],"version-history":[{"count":2,"href":"https:\/\/funkenwettkampf.li\/index.php?rest_route=\/wp\/v2\/pages\/235\/revisions"}],"predecessor-version":[{"id":252,"href":"https:\/\/funkenwettkampf.li\/index.php?rest_route=\/wp\/v2\/pages\/235\/revisions\/252"}],"wp:attachment":[{"href":"https:\/\/funkenwettkampf.li\/index.php?rest_route=%2Fwp%2Fv2%2Fmedia&parent=235"}],"curies":[{"name":"wp","href":"https:\/\/api.w.org\/{rel}","templated":true}]}}