{"id":35,"date":"2026-01-25T16:50:51","date_gmt":"2026-01-25T16:50:51","guid":{"rendered":"https:\/\/funkenwettkampf.li\/?page_id=35"},"modified":"2026-03-24T19:36:53","modified_gmt":"2026-03-24T19:36:53","slug":"aktueller-wettkampf-2026","status":"publish","type":"page","link":"https:\/\/funkenwettkampf.li\/","title":{"rendered":"Tradition. Wettkampf. Feuer"},"content":{"rendered":"\n<figure class=\"wp-block-image size-large\"><img loading=\"lazy\" decoding=\"async\" width=\"1024\" height=\"683\" src=\"https:\/\/funkenwettkampf.li\/wp-content\/uploads\/2026\/01\/background-1024x683.jpg\" alt=\"\" class=\"wp-image-22\" srcset=\"https:\/\/funkenwettkampf.li\/wp-content\/uploads\/2026\/01\/background-1024x683.jpg 1024w, https:\/\/funkenwettkampf.li\/wp-content\/uploads\/2026\/01\/background-300x200.jpg 300w, https:\/\/funkenwettkampf.li\/wp-content\/uploads\/2026\/01\/background-768x512.jpg 768w, https:\/\/funkenwettkampf.li\/wp-content\/uploads\/2026\/01\/background.jpg 1536w\" sizes=\"auto, (max-width: 1024px) 100vw, 1024px\" \/><\/figure>\n\n\n<h1 class=\"wp-block-post-title\">Tradition. Wettkampf. Feuer<\/h1>\n\n\n<p><\/p>\n\n\n\n<p><\/p>\n\n\n\n<div style=\"height:35px\" aria-hidden=\"true\" class=\"wp-block-spacer\"><\/div>\n\n\n\n<h2 class=\"wp-block-heading\">2026 &#8211; und es geht weiter!<\/h2>\n\n\n\n<div style=\"height:35px\" aria-hidden=\"true\" class=\"wp-block-spacer\"><\/div>\n\n\n\n<p class=\"has-base-2-color has-text-color has-link-color wp-elements-73484f29b5f6ae7968c8276e503d67be\"><em>Der Funkenwettkampf Liechtenstein \u2013 wo Leidenschaft, Teamgeist und jahrhundertealte Br\u00e4uche aufeinandertreffen.<\/em><\/p>\n\n\n\n<p class=\"has-base-2-color has-text-color has-link-color wp-elements-0a4823997d0ad1aa67a8666326859f55\">Die <em><mark style=\"background-color:rgba(0, 0, 0, 0)\" class=\"has-inline-color has-custom-sekundarfarbe-color\">Hinterd\u00f6rfler Funkner <\/mark><\/em>aus Eschen veranstalten den Wettkampf 2026.<br><\/p>\n\n\n\n<figure data-wp-context=\"{&quot;imageId&quot;:&quot;69e20e539694c&quot;}\" data-wp-interactive=\"core\/image\" data-wp-key=\"69e20e539694c\" class=\"wp-block-image size-full is-resized wp-lightbox-container\"><img loading=\"lazy\" decoding=\"async\" width=\"560\" height=\"793\" data-wp-class--hide=\"state.isContentHidden\" data-wp-class--show=\"state.isContentVisible\" data-wp-init=\"callbacks.setButtonStyles\" data-wp-on--click=\"actions.showLightbox\" data-wp-on--load=\"callbacks.setButtonStyles\" data-wp-on-window--resize=\"callbacks.setButtonStyles\" src=\"https:\/\/funkenwettkampf.li\/wp-content\/uploads\/2026\/02\/fwk_flyer.png\" alt=\"\" class=\"wp-image-198\" style=\"aspect-ratio:0.7061829052860443;width:296px;height:auto\" srcset=\"https:\/\/funkenwettkampf.li\/wp-content\/uploads\/2026\/02\/fwk_flyer.png 560w, https:\/\/funkenwettkampf.li\/wp-content\/uploads\/2026\/02\/fwk_flyer-212x300.png 212w\" sizes=\"auto, (max-width: 560px) 100vw, 560px\" \/><button\n\t\t\tclass=\"lightbox-trigger\"\n\t\t\ttype=\"button\"\n\t\t\taria-haspopup=\"dialog\"\n\t\t\taria-label=\"Vergr\u00f6\u00dfern\"\n\t\t\tdata-wp-init=\"callbacks.initTriggerButton\"\n\t\t\tdata-wp-on--click=\"actions.showLightbox\"\n\t\t\tdata-wp-style--right=\"state.imageButtonRight\"\n\t\t\tdata-wp-style--top=\"state.imageButtonTop\"\n\t\t>\n\t\t\t<svg xmlns=\"http:\/\/www.w3.org\/2000\/svg\" width=\"12\" height=\"12\" fill=\"none\" viewBox=\"0 0 12 12\">\n\t\t\t\t<path fill=\"#fff\" d=\"M2 0a2 2 0 0 0-2 2v2h1.5V2a.5.5 0 0 1 .5-.5h2V0H2Zm2 10.5H2a.5.5 0 0 1-.5-.5V8H0v2a2 2 0 0 0 2 2h2v-1.5ZM8 12v-1.5h2a.5.5 0 0 0 .5-.5V8H12v2a2 2 0 0 1-2 2H8Zm2-12a2 2 0 0 1 2 2v2h-1.5V2a.5.5 0 0 0-.5-.5H8V0h2Z\" \/>\n\t\t\t<\/svg>\n\t\t<\/button><\/figure>\n\n\n\n<div style=\"height:35px\" aria-hidden=\"true\" class=\"wp-block-spacer\"><\/div>\n\n\n\n<p class=\"has-text-align-left has-base-2-color has-text-color has-link-color has-medium-font-size wp-elements-4b6885445dceb19bddb7130e64eb48e3\"><\/p>\n\n\n\n<div style=\"height:35px\" aria-hidden=\"true\" class=\"wp-block-spacer\"><\/div>\n\n\n\n<h3 class=\"wp-block-heading\">Weitere Wettkampftermine?<\/h3>\n\n\n\n<p class=\"has-base-2-color has-text-color has-link-color wp-elements-ca2d8e068ec753bf904813d3589cb2b1\">Falls bei euch ein Jubil\u00e4um ansteht, warum dieses nicht mit einem z\u00fcnftigen Funkenwettkampf feiern? Reserviert euch jetzt schon euer Wunschjahr und wir werden es hier ver\u00f6ffentlichen.<\/p>\n\n\n\n<p class=\"has-base-2-color has-text-color has-link-color wp-elements-09247435e82d9c3faa34b4a16d6cfc83\">So k\u00f6nnen wir eine \u00dcbersicht erstellen, wer in welchem Jahr die Durchf\u00fchrung \u00fcbernimmt. Auch die Termine sowie die direkte Weiterleitung zur Anmeldung k\u00f6nnen \u00fcber diese Webseite bereitgestellt werden.<\/p>\n\n\n\n<p class=\"has-base-2-color has-text-color has-link-color wp-elements-7aeb64c2315404759d4b7dfbaca055de\">Das ist die Idee der zentralen Website f\u00fcr die Funkenwettk\u00e4mpfe. Selbstverst\u00e4ndlich k\u00f6nnt ihr eure Kontaktdaten hier hinterlegen lassen:<\/p>\n\n\n\n<ul class=\"wp-block-list\">\n<li class=\"has-base-2-color has-text-color has-link-color wp-elements-e836010d4febc99c464fc8b6e23b0c05\">Vereinsname<\/li>\n\n\n\n<li class=\"has-base-2-color has-text-color has-link-color wp-elements-1ce6c960626c212df74feb4272f744e2\">Postanschrift<\/li>\n\n\n\n<li class=\"has-base-2-color has-text-color has-link-color wp-elements-5734472043f0d17013b3507fe6eba335\">Kontaktperson<\/li>\n\n\n\n<li class=\"has-base-2-color has-text-color has-link-color wp-elements-b28ca230d4674dbb30b1d2f396b1d6fb\">Webadresse<\/li>\n<\/ul>\n\n\n\n<p class=\"has-base-2-color has-text-color has-link-color wp-elements-722db7ffda755e047ee67e7d1e063e70\">Bei Fragen k\u00f6nnt ihr euch gerne \u00fcber das Kontaktformular melden. <br>Das ist die Idee hinter der zentralen Website&#8230;<\/p>\n\n\n\n<p class=\"has-base-2-color has-text-color has-link-color wp-elements-204acc122a91c68c197a31eedae0ef93\">Liebe Gr\u00fcsse, Ren\u00e9<\/p>\n\n\n\n<p><a href=\"https:\/\/funkenwettkampf.li\/?page_id=235\" type=\"page\" id=\"235\">Wettkampf Terminkalender<\/a><\/p>\n\n\n\n<p><\/p>\n","protected":false},"excerpt":{"rendered":"<p>2026 &#8211; und es geht weiter! Der Funkenwettkampf Liechtenstein \u2013 wo Leidenschaft, Teamgeist und jahrhundertealte Br\u00e4uche aufeinandertreffen. Die Hinterd\u00f6rfler Funkner aus Eschen veranstalten den Wettkampf 2026. Weitere Wettkampftermine? Falls bei euch ein Jubil\u00e4um ansteht, warum dieses nicht mit einem z\u00fcnftigen Funkenwettkampf feiern? Reserviert euch jetzt schon euer Wunschjahr und wir werden es hier ver\u00f6ffentlichen. So [&hellip;]<\/p>\n","protected":false},"author":1,"featured_media":22,"parent":0,"menu_order":0,"comment_status":"closed","ping_status":"closed","template":"page-no-title","meta":{"footnotes":""},"class_list":["post-35","page","type-page","status-publish","has-post-thumbnail","hentry"],"yoast_head":"<!-- This site is optimized with the Yoast SEO plugin v26.8 - https:\/\/yoast.com\/product\/yoast-seo-wordpress\/ -->\n<title>Tradition. Wettkampf. Feuer - Funkenwettkampf Liechtenstein<\/title>\n<meta name=\"robots\" content=\"index, follow, max-snippet:-1, max-image-preview:large, max-video-preview:-1\" \/>\n<link rel=\"canonical\" href=\"https:\/\/funkenwettkampf.li\/\" \/>\n<meta property=\"og:locale\" content=\"de_DE\" \/>\n<meta property=\"og:type\" content=\"article\" \/>\n<meta property=\"og:title\" content=\"Tradition. Wettkampf. Feuer - Funkenwettkampf Liechtenstein\" \/>\n<meta property=\"og:description\" content=\"2026 &#8211; und es geht weiter! Der Funkenwettkampf Liechtenstein \u2013 wo Leidenschaft, Teamgeist und jahrhundertealte Br\u00e4uche aufeinandertreffen. Die Hinterd\u00f6rfler Funkner aus Eschen veranstalten den Wettkampf 2026. Weitere Wettkampftermine? Falls bei euch ein Jubil\u00e4um ansteht, warum dieses nicht mit einem z\u00fcnftigen Funkenwettkampf feiern? Reserviert euch jetzt schon euer Wunschjahr und wir werden es hier ver\u00f6ffentlichen. So [&hellip;]\" \/>\n<meta property=\"og:url\" content=\"https:\/\/funkenwettkampf.li\/\" \/>\n<meta property=\"og:site_name\" content=\"Funkenwettkampf Liechtenstein\" \/>\n<meta property=\"article:modified_time\" content=\"2026-03-24T19:36:53+00:00\" \/>\n<meta property=\"og:image\" content=\"https:\/\/funkenwettkampf.li\/wp-content\/uploads\/2026\/01\/background.jpg\" \/>\n\t<meta property=\"og:image:width\" content=\"1536\" \/>\n\t<meta property=\"og:image:height\" content=\"1024\" \/>\n\t<meta property=\"og:image:type\" content=\"image\/jpeg\" \/>\n<meta name=\"twitter:card\" content=\"summary_large_image\" \/>\n<meta name=\"twitter:label1\" content=\"Gesch\u00e4tzte Lesezeit\" \/>\n\t<meta name=\"twitter:data1\" content=\"2\u00a0Minuten\" \/>\n<script type=\"application\/ld+json\" class=\"yoast-schema-graph\">{\"@context\":\"https:\/\/schema.org\",\"@graph\":[{\"@type\":\"WebPage\",\"@id\":\"https:\/\/funkenwettkampf.li\/\",\"url\":\"https:\/\/funkenwettkampf.li\/\",\"name\":\"Tradition. Wettkampf. Feuer - Funkenwettkampf Liechtenstein\",\"isPartOf\":{\"@id\":\"https:\/\/funkenwettkampf.li\/#website\"},\"primaryImageOfPage\":{\"@id\":\"https:\/\/funkenwettkampf.li\/#primaryimage\"},\"image\":{\"@id\":\"https:\/\/funkenwettkampf.li\/#primaryimage\"},\"thumbnailUrl\":\"https:\/\/funkenwettkampf.li\/wp-content\/uploads\/2026\/01\/background.jpg\",\"datePublished\":\"2026-01-25T16:50:51+00:00\",\"dateModified\":\"2026-03-24T19:36:53+00:00\",\"breadcrumb\":{\"@id\":\"https:\/\/funkenwettkampf.li\/#breadcrumb\"},\"inLanguage\":\"de\",\"potentialAction\":[{\"@type\":\"ReadAction\",\"target\":[\"https:\/\/funkenwettkampf.li\/\"]}]},{\"@type\":\"ImageObject\",\"inLanguage\":\"de\",\"@id\":\"https:\/\/funkenwettkampf.li\/#primaryimage\",\"url\":\"https:\/\/funkenwettkampf.li\/wp-content\/uploads\/2026\/01\/background.jpg\",\"contentUrl\":\"https:\/\/funkenwettkampf.li\/wp-content\/uploads\/2026\/01\/background.jpg\",\"width\":1536,\"height\":1024},{\"@type\":\"BreadcrumbList\",\"@id\":\"https:\/\/funkenwettkampf.li\/#breadcrumb\",\"itemListElement\":[{\"@type\":\"ListItem\",\"position\":1,\"name\":\"Start\",\"item\":\"https:\/\/funkenwettkampf.li\/\"},{\"@type\":\"ListItem\",\"position\":2,\"name\":\"Tradition. Wettkampf. Feuer\"}]},{\"@type\":\"WebSite\",\"@id\":\"https:\/\/funkenwettkampf.li\/#website\",\"url\":\"https:\/\/funkenwettkampf.li\/\",\"name\":\"Funkenwettkampf Liechtenstein\",\"description\":\"Funkenz\u00fcnfte messen sich\",\"publisher\":{\"@id\":\"https:\/\/funkenwettkampf.li\/#organization\"},\"potentialAction\":[{\"@type\":\"SearchAction\",\"target\":{\"@type\":\"EntryPoint\",\"urlTemplate\":\"https:\/\/funkenwettkampf.li\/?s={search_term_string}\"},\"query-input\":{\"@type\":\"PropertyValueSpecification\",\"valueRequired\":true,\"valueName\":\"search_term_string\"}}],\"inLanguage\":\"de\"},{\"@type\":\"Organization\",\"@id\":\"https:\/\/funkenwettkampf.li\/#organization\",\"name\":\"Hinterd\u00f6rfler Funkner - Eschen - Liechtenstein\",\"url\":\"https:\/\/funkenwettkampf.li\/\",\"logo\":{\"@type\":\"ImageObject\",\"inLanguage\":\"de\",\"@id\":\"https:\/\/funkenwettkampf.li\/#\/schema\/logo\/image\/\",\"url\":\"https:\/\/funkenwettkampf.li\/wp-content\/uploads\/2026\/01\/background.jpg\",\"contentUrl\":\"https:\/\/funkenwettkampf.li\/wp-content\/uploads\/2026\/01\/background.jpg\",\"width\":1536,\"height\":1024,\"caption\":\"Hinterd\u00f6rfler Funkner - Eschen - Liechtenstein\"},\"image\":{\"@id\":\"https:\/\/funkenwettkampf.li\/#\/schema\/logo\/image\/\"}}]}<\/script>\n<!-- \/ Yoast SEO plugin. -->","yoast_head_json":{"title":"Tradition. Wettkampf. Feuer - Funkenwettkampf Liechtenstein","robots":{"index":"index","follow":"follow","max-snippet":"max-snippet:-1","max-image-preview":"max-image-preview:large","max-video-preview":"max-video-preview:-1"},"canonical":"https:\/\/funkenwettkampf.li\/","og_locale":"de_DE","og_type":"article","og_title":"Tradition. Wettkampf. Feuer - Funkenwettkampf Liechtenstein","og_description":"2026 &#8211; und es geht weiter! Der Funkenwettkampf Liechtenstein \u2013 wo Leidenschaft, Teamgeist und jahrhundertealte Br\u00e4uche aufeinandertreffen. Die Hinterd\u00f6rfler Funkner aus Eschen veranstalten den Wettkampf 2026. Weitere Wettkampftermine? Falls bei euch ein Jubil\u00e4um ansteht, warum dieses nicht mit einem z\u00fcnftigen Funkenwettkampf feiern? Reserviert euch jetzt schon euer Wunschjahr und wir werden es hier ver\u00f6ffentlichen. So [&hellip;]","og_url":"https:\/\/funkenwettkampf.li\/","og_site_name":"Funkenwettkampf Liechtenstein","article_modified_time":"2026-03-24T19:36:53+00:00","og_image":[{"width":1536,"height":1024,"url":"https:\/\/funkenwettkampf.li\/wp-content\/uploads\/2026\/01\/background.jpg","type":"image\/jpeg"}],"twitter_card":"summary_large_image","twitter_misc":{"Gesch\u00e4tzte Lesezeit":"2\u00a0Minuten"},"schema":{"@context":"https:\/\/schema.org","@graph":[{"@type":"WebPage","@id":"https:\/\/funkenwettkampf.li\/","url":"https:\/\/funkenwettkampf.li\/","name":"Tradition. Wettkampf. Feuer - Funkenwettkampf Liechtenstein","isPartOf":{"@id":"https:\/\/funkenwettkampf.li\/#website"},"primaryImageOfPage":{"@id":"https:\/\/funkenwettkampf.li\/#primaryimage"},"image":{"@id":"https:\/\/funkenwettkampf.li\/#primaryimage"},"thumbnailUrl":"https:\/\/funkenwettkampf.li\/wp-content\/uploads\/2026\/01\/background.jpg","datePublished":"2026-01-25T16:50:51+00:00","dateModified":"2026-03-24T19:36:53+00:00","breadcrumb":{"@id":"https:\/\/funkenwettkampf.li\/#breadcrumb"},"inLanguage":"de","potentialAction":[{"@type":"ReadAction","target":["https:\/\/funkenwettkampf.li\/"]}]},{"@type":"ImageObject","inLanguage":"de","@id":"https:\/\/funkenwettkampf.li\/#primaryimage","url":"https:\/\/funkenwettkampf.li\/wp-content\/uploads\/2026\/01\/background.jpg","contentUrl":"https:\/\/funkenwettkampf.li\/wp-content\/uploads\/2026\/01\/background.jpg","width":1536,"height":1024},{"@type":"BreadcrumbList","@id":"https:\/\/funkenwettkampf.li\/#breadcrumb","itemListElement":[{"@type":"ListItem","position":1,"name":"Start","item":"https:\/\/funkenwettkampf.li\/"},{"@type":"ListItem","position":2,"name":"Tradition. Wettkampf. Feuer"}]},{"@type":"WebSite","@id":"https:\/\/funkenwettkampf.li\/#website","url":"https:\/\/funkenwettkampf.li\/","name":"Funkenwettkampf Liechtenstein","description":"Funkenz\u00fcnfte messen sich","publisher":{"@id":"https:\/\/funkenwettkampf.li\/#organization"},"potentialAction":[{"@type":"SearchAction","target":{"@type":"EntryPoint","urlTemplate":"https:\/\/funkenwettkampf.li\/?s={search_term_string}"},"query-input":{"@type":"PropertyValueSpecification","valueRequired":true,"valueName":"search_term_string"}}],"inLanguage":"de"},{"@type":"Organization","@id":"https:\/\/funkenwettkampf.li\/#organization","name":"Hinterd\u00f6rfler Funkner - Eschen - Liechtenstein","url":"https:\/\/funkenwettkampf.li\/","logo":{"@type":"ImageObject","inLanguage":"de","@id":"https:\/\/funkenwettkampf.li\/#\/schema\/logo\/image\/","url":"https:\/\/funkenwettkampf.li\/wp-content\/uploads\/2026\/01\/background.jpg","contentUrl":"https:\/\/funkenwettkampf.li\/wp-content\/uploads\/2026\/01\/background.jpg","width":1536,"height":1024,"caption":"Hinterd\u00f6rfler Funkner - Eschen - Liechtenstein"},"image":{"@id":"https:\/\/funkenwettkampf.li\/#\/schema\/logo\/image\/"}}]}},"_links":{"self":[{"href":"https:\/\/funkenwettkampf.li\/index.php?rest_route=\/wp\/v2\/pages\/35","targetHints":{"allow":["GET"]}}],"collection":[{"href":"https:\/\/funkenwettkampf.li\/index.php?rest_route=\/wp\/v2\/pages"}],"about":[{"href":"https:\/\/funkenwettkampf.li\/index.php?rest_route=\/wp\/v2\/types\/page"}],"author":[{"embeddable":true,"href":"https:\/\/funkenwettkampf.li\/index.php?rest_route=\/wp\/v2\/users\/1"}],"replies":[{"embeddable":true,"href":"https:\/\/funkenwettkampf.li\/index.php?rest_route=%2Fwp%2Fv2%2Fcomments&post=35"}],"version-history":[{"count":53,"href":"https:\/\/funkenwettkampf.li\/index.php?rest_route=\/wp\/v2\/pages\/35\/revisions"}],"predecessor-version":[{"id":242,"href":"https:\/\/funkenwettkampf.li\/index.php?rest_route=\/wp\/v2\/pages\/35\/revisions\/242"}],"wp:featuredmedia":[{"embeddable":true,"href":"https:\/\/funkenwettkampf.li\/index.php?rest_route=\/wp\/v2\/media\/22"}],"wp:attachment":[{"href":"https:\/\/funkenwettkampf.li\/index.php?rest_route=%2Fwp%2Fv2%2Fmedia&parent=35"}],"curies":[{"name":"wp","href":"https:\/\/api.w.org\/{rel}","templated":true}]}}