{"id":64,"date":"2026-02-09T19:50:59","date_gmt":"2026-02-09T19:50:59","guid":{"rendered":"https:\/\/funkenwettkampf.li\/?page_id=64"},"modified":"2026-03-24T19:48:02","modified_gmt":"2026-03-24T19:48:02","slug":"geschichte","status":"publish","type":"page","link":"https:\/\/funkenwettkampf.li\/?page_id=64","title":{"rendered":"Geschichte"},"content":{"rendered":"<h2 class=\"wp-block-post-title\">Geschichte<\/h2>\n\n\n<p class=\"has-base-2-color has-text-color has-link-color wp-elements-e9a6222bc6ca5781e26e7ec10b6cacb6\">Ein kurzer Abriss der Geschichte des Funkenwettkampfs.<\/p>\n\n\n\n<p class=\"has-base-2-color has-text-color has-link-color wp-elements-4d61dae9c0d393a690bacfdc4b412653\">Vor etlichen Jahren wurde der erste Funkenwettkampf der Geschichte in Bendern ausgetragen. Bei bestem Wetter trafen sich Funkenz\u00fcnfte aus der Region, zu einem gem\u00fctlichen Wettstreit.<\/p>\n\n\n\n<p class=\"has-base-2-color has-text-color has-link-color wp-elements-3908dbf9bc2815017d9e4d30ff574755\">Es ging weniger darum, wer der st\u00e4rkste, schnellste oder der <em>gschitsche <\/em>war. Der Spass stand bei allen im Vordergrund und der Durst direkt dahinter &#8211; so weit ich mich erinnern mag.<\/p>\n\n\n\n<p class=\"has-base-2-color has-text-color has-link-color wp-elements-cf594c78a66295ba1b9dafe16b89ed71\">Da alle den Anlass spitze fanden, wurde kurzerhand beschlossen, dass der Gewinner den Wettkampf das kommende Jahr wieder durchf\u00fchren soll. So war es dann auch und \u00fcber viele Jahre hinweg, zog der Wettkampf landauf, landab. Von Zeit zu Zeit wurde der Wettkampf auch von unseren Funkner-Kollegen jenseits der Grenzen veranstaltet. Was uns Liechtensteiner nat\u00fcrlich nicht daran hinderte, unser trautes Land zu verlassen und auch dort unser Bestes zu geben.<\/p>\n\n\n\n<p class=\"has-base-2-color has-text-color has-link-color wp-elements-262b52c3ff430d68e78cb733546970af\">So gingen die Jahre ins Land. <\/p>\n\n\n\n<p><\/p>\n\n\n\n<p class=\"has-base-2-color has-text-color has-link-color wp-elements-bbb89438a47be4779b8a29b212979cbe\">Falls jemand die genauen Jahre und Durchf\u00fchrungsorte &#8211; allenfalls auch noch die Sieger &#8211; zusammenbekommt, darf er mir das gerne zuschicken. Ich w\u00fcrde dann die Liste gerne hier erg\u00e4nzen.<\/p>\n\n\n\n<p class=\"has-base-2-color has-text-color has-link-color wp-elements-c51594dcf2217558cab7e3a05b6eaec5\">Auch wenn jemand nur ein paar Daten hat, sind diese sehr willkommen. Vorab schon mal ein herzliches Dankesch\u00f6n.<\/p>\n\n\n\n<p><\/p>\n\n\n\n<p><\/p>\n","protected":false},"excerpt":{"rendered":"<p>Ein kurzer Abriss der Geschichte des Funkenwettkampfs. Vor etlichen Jahren wurde der erste Funkenwettkampf der Geschichte in Bendern ausgetragen. Bei bestem Wetter trafen sich Funkenz\u00fcnfte aus der Region, zu einem gem\u00fctlichen Wettstreit. Es ging weniger darum, wer der st\u00e4rkste, schnellste oder der gschitsche war. Der Spass stand bei allen im Vordergrund und der Durst direkt [&hellip;]<\/p>\n","protected":false},"author":1,"featured_media":0,"parent":0,"menu_order":0,"comment_status":"closed","ping_status":"closed","template":"page-no-title","meta":{"footnotes":""},"class_list":["post-64","page","type-page","status-publish","hentry"],"yoast_head":"<!-- This site is optimized with the Yoast SEO plugin v26.8 - https:\/\/yoast.com\/product\/yoast-seo-wordpress\/ -->\n<title>Geschichte - Funkenwettkampf Liechtenstein<\/title>\n<meta name=\"robots\" content=\"index, follow, max-snippet:-1, max-image-preview:large, max-video-preview:-1\" \/>\n<link rel=\"canonical\" href=\"https:\/\/funkenwettkampf.li\/?page_id=64\" \/>\n<meta property=\"og:locale\" content=\"de_DE\" \/>\n<meta property=\"og:type\" content=\"article\" \/>\n<meta property=\"og:title\" content=\"Geschichte - Funkenwettkampf Liechtenstein\" \/>\n<meta property=\"og:description\" content=\"Ein kurzer Abriss der Geschichte des Funkenwettkampfs. Vor etlichen Jahren wurde der erste Funkenwettkampf der Geschichte in Bendern ausgetragen. Bei bestem Wetter trafen sich Funkenz\u00fcnfte aus der Region, zu einem gem\u00fctlichen Wettstreit. Es ging weniger darum, wer der st\u00e4rkste, schnellste oder der gschitsche war. Der Spass stand bei allen im Vordergrund und der Durst direkt [&hellip;]\" \/>\n<meta property=\"og:url\" content=\"https:\/\/funkenwettkampf.li\/?page_id=64\" \/>\n<meta property=\"og:site_name\" content=\"Funkenwettkampf Liechtenstein\" \/>\n<meta property=\"article:modified_time\" content=\"2026-03-24T19:48:02+00:00\" \/>\n<meta name=\"twitter:card\" content=\"summary_large_image\" \/>\n<meta name=\"twitter:label1\" content=\"Gesch\u00e4tzte Lesezeit\" \/>\n\t<meta name=\"twitter:data1\" content=\"2\u00a0Minuten\" \/>\n<script type=\"application\/ld+json\" class=\"yoast-schema-graph\">{\"@context\":\"https:\/\/schema.org\",\"@graph\":[{\"@type\":\"WebPage\",\"@id\":\"https:\/\/funkenwettkampf.li\/?page_id=64\",\"url\":\"https:\/\/funkenwettkampf.li\/?page_id=64\",\"name\":\"Geschichte - Funkenwettkampf Liechtenstein\",\"isPartOf\":{\"@id\":\"https:\/\/funkenwettkampf.li\/#website\"},\"datePublished\":\"2026-02-09T19:50:59+00:00\",\"dateModified\":\"2026-03-24T19:48:02+00:00\",\"breadcrumb\":{\"@id\":\"https:\/\/funkenwettkampf.li\/?page_id=64#breadcrumb\"},\"inLanguage\":\"de\",\"potentialAction\":[{\"@type\":\"ReadAction\",\"target\":[\"https:\/\/funkenwettkampf.li\/?page_id=64\"]}]},{\"@type\":\"BreadcrumbList\",\"@id\":\"https:\/\/funkenwettkampf.li\/?page_id=64#breadcrumb\",\"itemListElement\":[{\"@type\":\"ListItem\",\"position\":1,\"name\":\"Start\",\"item\":\"https:\/\/funkenwettkampf.li\/\"},{\"@type\":\"ListItem\",\"position\":2,\"name\":\"Geschichte\"}]},{\"@type\":\"WebSite\",\"@id\":\"https:\/\/funkenwettkampf.li\/#website\",\"url\":\"https:\/\/funkenwettkampf.li\/\",\"name\":\"Funkenwettkampf Liechtenstein\",\"description\":\"Funkenz\u00fcnfte messen sich\",\"publisher\":{\"@id\":\"https:\/\/funkenwettkampf.li\/#organization\"},\"potentialAction\":[{\"@type\":\"SearchAction\",\"target\":{\"@type\":\"EntryPoint\",\"urlTemplate\":\"https:\/\/funkenwettkampf.li\/?s={search_term_string}\"},\"query-input\":{\"@type\":\"PropertyValueSpecification\",\"valueRequired\":true,\"valueName\":\"search_term_string\"}}],\"inLanguage\":\"de\"},{\"@type\":\"Organization\",\"@id\":\"https:\/\/funkenwettkampf.li\/#organization\",\"name\":\"Hinterd\u00f6rfler Funkner - Eschen - Liechtenstein\",\"url\":\"https:\/\/funkenwettkampf.li\/\",\"logo\":{\"@type\":\"ImageObject\",\"inLanguage\":\"de\",\"@id\":\"https:\/\/funkenwettkampf.li\/#\/schema\/logo\/image\/\",\"url\":\"https:\/\/funkenwettkampf.li\/wp-content\/uploads\/2026\/01\/background.jpg\",\"contentUrl\":\"https:\/\/funkenwettkampf.li\/wp-content\/uploads\/2026\/01\/background.jpg\",\"width\":1536,\"height\":1024,\"caption\":\"Hinterd\u00f6rfler Funkner - Eschen - Liechtenstein\"},\"image\":{\"@id\":\"https:\/\/funkenwettkampf.li\/#\/schema\/logo\/image\/\"}}]}<\/script>\n<!-- \/ Yoast SEO plugin. -->","yoast_head_json":{"title":"Geschichte - Funkenwettkampf Liechtenstein","robots":{"index":"index","follow":"follow","max-snippet":"max-snippet:-1","max-image-preview":"max-image-preview:large","max-video-preview":"max-video-preview:-1"},"canonical":"https:\/\/funkenwettkampf.li\/?page_id=64","og_locale":"de_DE","og_type":"article","og_title":"Geschichte - Funkenwettkampf Liechtenstein","og_description":"Ein kurzer Abriss der Geschichte des Funkenwettkampfs. Vor etlichen Jahren wurde der erste Funkenwettkampf der Geschichte in Bendern ausgetragen. Bei bestem Wetter trafen sich Funkenz\u00fcnfte aus der Region, zu einem gem\u00fctlichen Wettstreit. Es ging weniger darum, wer der st\u00e4rkste, schnellste oder der gschitsche war. Der Spass stand bei allen im Vordergrund und der Durst direkt [&hellip;]","og_url":"https:\/\/funkenwettkampf.li\/?page_id=64","og_site_name":"Funkenwettkampf Liechtenstein","article_modified_time":"2026-03-24T19:48:02+00:00","twitter_card":"summary_large_image","twitter_misc":{"Gesch\u00e4tzte Lesezeit":"2\u00a0Minuten"},"schema":{"@context":"https:\/\/schema.org","@graph":[{"@type":"WebPage","@id":"https:\/\/funkenwettkampf.li\/?page_id=64","url":"https:\/\/funkenwettkampf.li\/?page_id=64","name":"Geschichte - Funkenwettkampf Liechtenstein","isPartOf":{"@id":"https:\/\/funkenwettkampf.li\/#website"},"datePublished":"2026-02-09T19:50:59+00:00","dateModified":"2026-03-24T19:48:02+00:00","breadcrumb":{"@id":"https:\/\/funkenwettkampf.li\/?page_id=64#breadcrumb"},"inLanguage":"de","potentialAction":[{"@type":"ReadAction","target":["https:\/\/funkenwettkampf.li\/?page_id=64"]}]},{"@type":"BreadcrumbList","@id":"https:\/\/funkenwettkampf.li\/?page_id=64#breadcrumb","itemListElement":[{"@type":"ListItem","position":1,"name":"Start","item":"https:\/\/funkenwettkampf.li\/"},{"@type":"ListItem","position":2,"name":"Geschichte"}]},{"@type":"WebSite","@id":"https:\/\/funkenwettkampf.li\/#website","url":"https:\/\/funkenwettkampf.li\/","name":"Funkenwettkampf Liechtenstein","description":"Funkenz\u00fcnfte messen sich","publisher":{"@id":"https:\/\/funkenwettkampf.li\/#organization"},"potentialAction":[{"@type":"SearchAction","target":{"@type":"EntryPoint","urlTemplate":"https:\/\/funkenwettkampf.li\/?s={search_term_string}"},"query-input":{"@type":"PropertyValueSpecification","valueRequired":true,"valueName":"search_term_string"}}],"inLanguage":"de"},{"@type":"Organization","@id":"https:\/\/funkenwettkampf.li\/#organization","name":"Hinterd\u00f6rfler Funkner - Eschen - Liechtenstein","url":"https:\/\/funkenwettkampf.li\/","logo":{"@type":"ImageObject","inLanguage":"de","@id":"https:\/\/funkenwettkampf.li\/#\/schema\/logo\/image\/","url":"https:\/\/funkenwettkampf.li\/wp-content\/uploads\/2026\/01\/background.jpg","contentUrl":"https:\/\/funkenwettkampf.li\/wp-content\/uploads\/2026\/01\/background.jpg","width":1536,"height":1024,"caption":"Hinterd\u00f6rfler Funkner - Eschen - Liechtenstein"},"image":{"@id":"https:\/\/funkenwettkampf.li\/#\/schema\/logo\/image\/"}}]}},"_links":{"self":[{"href":"https:\/\/funkenwettkampf.li\/index.php?rest_route=\/wp\/v2\/pages\/64","targetHints":{"allow":["GET"]}}],"collection":[{"href":"https:\/\/funkenwettkampf.li\/index.php?rest_route=\/wp\/v2\/pages"}],"about":[{"href":"https:\/\/funkenwettkampf.li\/index.php?rest_route=\/wp\/v2\/types\/page"}],"author":[{"embeddable":true,"href":"https:\/\/funkenwettkampf.li\/index.php?rest_route=\/wp\/v2\/users\/1"}],"replies":[{"embeddable":true,"href":"https:\/\/funkenwettkampf.li\/index.php?rest_route=%2Fwp%2Fv2%2Fcomments&post=64"}],"version-history":[{"count":4,"href":"https:\/\/funkenwettkampf.li\/index.php?rest_route=\/wp\/v2\/pages\/64\/revisions"}],"predecessor-version":[{"id":244,"href":"https:\/\/funkenwettkampf.li\/index.php?rest_route=\/wp\/v2\/pages\/64\/revisions\/244"}],"wp:attachment":[{"href":"https:\/\/funkenwettkampf.li\/index.php?rest_route=%2Fwp%2Fv2%2Fmedia&parent=64"}],"curies":[{"name":"wp","href":"https:\/\/api.w.org\/{rel}","templated":true}]}}