{"id":95,"date":"2026-02-09T20:15:17","date_gmt":"2026-02-09T20:15:17","guid":{"rendered":"https:\/\/funkenwettkampf.li\/?page_id=95"},"modified":"2026-03-24T20:15:52","modified_gmt":"2026-03-24T20:15:52","slug":"funkenzuenfte-der-region","status":"publish","type":"page","link":"https:\/\/funkenwettkampf.li\/?page_id=95","title":{"rendered":"Funkenz\u00fcnfte der Region"},"content":{"rendered":"<h2 class=\"wp-block-post-title\">Funkenz\u00fcnfte der Region<\/h2>\n\n\n<blockquote class=\"wp-block-quote has-custom-sekundarfarbe-color has-text-color has-link-color wp-elements-fd964e5264ac3b7c641e6191612cb2b0 is-layout-flow wp-block-quote-is-layout-flow\">\n<p>Diese Seite befindet sich im Aufbau.<\/p>\n<\/blockquote>\n\n\n\n<p class=\"has-base-2-color has-text-color has-link-color wp-elements-b9fbd38e6ff0b9c9678861672a729403\">Gerne k\u00f6nnt ihr uns eure aktuellen Kontaktdaten zusenden. <\/p>\n\n\n\n<figure class=\"wp-block-table\"><table class=\"has-base-2-color has-text-color has-link-color has-fixed-layout\"><tbody><tr><td><strong>Land\/Ort\/Weiler<\/strong><\/td><td><strong>Kontaktdaten<\/strong><\/td><td><strong>Letzte Aktualisierung<\/strong><\/td><\/tr><\/tbody><\/table><\/figure>\n\n\n\n<p><strong>Liechtenstein<\/strong><\/p>\n\n\n\n<figure class=\"wp-block-table\"><table class=\"has-base-2-color has-text-color has-link-color has-fixed-layout\"><tbody><tr><td><strong>Eschen\/Nendeln<\/strong><\/td><td><\/td><td>Stand<\/td><\/tr><tr><td>Hinterd\u00f6rfler Funkner<\/td><td><a href=\"https:\/\/www.hinterdorf.li\/\">www.hinterdorf.li<\/a><\/td><td>15.03.2026<\/td><\/tr><tr><td>Funkenzunft Halagass &#8211; Rofaberg &#8211; Bongerta<\/td><td><a href=\"https:\/\/www.funkazunft.li\/\">Funkenzunft Halagass-Rofaberg-Bongerta<\/a><\/td><td>15.03.2026<\/td><\/tr><tr><td>Unterd\u00f6rfler Funkenzunft<\/td><td><a href=\"https:\/\/www.fzu.li\/\">https:\/\/www.fzu.li\/<\/a><\/td><td>15.03.2026<\/td><\/tr><tr><td>Funken Sch\u00f6nb\u00fchl-Hada<\/td><td><a href=\"https:\/\/www.eschen.li\/leben-soziales\/vereine\/\">Funkenzunft Sch\u00f6nb\u00fchl-Hada<\/a><br>Isabelle Gst\u00f6hl-Frick<br>Postfach 344<br>9492 Eschen<br>Tel: +41 78 922 58 48<br>isabelle_n@gmx.ch<br><\/td><td>15.03.2026<\/td><\/tr><tr><td>Funkenzunft Nendeln<\/td><td><a href=\"https:\/\/www.eschen.li\/leben-soziales\/vereine\/\">Nendler Funkenzunft<\/a><br>Stefan Allg\u00e4uer<br>R\u00e4tierstrasse 23<br>9485 Nendeln<br>Tel: +41 78 717 1996<br>stefan.simone@firstmail.li<br><\/td><td>15.03.2026<\/td><\/tr><tr><td><\/td><td><\/td><td><\/td><\/tr><tr><td><strong>Mauren\/Schaanwald<\/strong><\/td><td><\/td><td><\/td><\/tr><tr><td>Funkenzunft B\u00fchlkappele<\/td><td><a href=\"https:\/\/buehlkappele.li\/\">https:\/\/buehlkappele.li\/<\/a><\/td><td>15.03.2026<\/td><\/tr><tr><td>Werthner Funken<\/td><td><a href=\"https:\/\/www.mauren.li\/vereine\/3400\/Werthner-Funken\">Werthner Funken<\/a><br>Philipp \u00d6hri<br>Purtscher 15<br>9493 Mauren<br>Tel: +423 789 96 96<br>ph.oehri@siding.li<\/td><td>15.03.2026<\/td><\/tr><tr><td>Schaaw\u00e4lder Funkenzunft<\/td><td><\/td><td><\/td><\/tr><tr><td>Funkenzunft Herab\u00f6hel<\/td><td><a href=\"https:\/\/www.facebook.com\/funkazunft.herabohel.3\/\">https:\/\/www.facebook.com\/funkazunft.herabohel.3\/<\/a><\/td><td>15.03.2026<\/td><\/tr><tr><td><\/td><td><\/td><td><\/td><\/tr><tr><td><strong>Gamprin\/Bendern<\/strong><\/td><td><\/td><td><\/td><\/tr><tr><td>Funken Gamprin<\/td><td>Sebastian Kind<br>M\u00fchlegass 59<br>9487&nbsp;Gamprin<br>fzgamprin@outlook.com<\/td><td>15.03.2026<\/td><\/tr><tr><td>Funken Bendern<\/td><td>Fabian Hasler<br>Feldkircherstrasse 17<br>9494 Schaan<br><a href=\"mailto:fabian.hasler13@gmail.com\">fabian.hasler13@gmail.com<\/a><\/td><td>15.03.2026<\/td><\/tr><tr><td><\/td><td><\/td><td><\/td><\/tr><tr><td><strong>Schellenberg<\/strong><\/td><td><\/td><td><\/td><\/tr><tr><td>Schellenberger Funkner<\/td><td><a href=\"https:\/\/www.facebook.com\/fzschellenberg\">Schellenberg | Facebook<\/a><br><a href=\"https:\/\/funkenzunft.hpage.com\/\">https:\/\/funkenzunft.hpage.com\/<\/a><\/td><td>15.03.2026<\/td><\/tr><tr><td><\/td><td><\/td><td><\/td><\/tr><tr><td><strong>Ruggell<\/strong><\/td><td><\/td><td><\/td><\/tr><tr><td>Funkenzunft Hexenwahn<\/td><td>B\u00fcchel Mathias<br>Fuhraweg 22<br>9491 Ruggell<\/td><td>15.03.2026<\/td><\/tr><tr><td><\/td><td><\/td><td><\/td><\/tr><tr><td><strong>Triesen<\/strong><\/td><td><\/td><td><\/td><\/tr><tr><td>Funken Sand<\/td><td>https:\/\/www.funken.li\/<br>triesen@funken.li<\/td><td>15.03.2026<\/td><\/tr><tr><td>Wasserst\u00f6bler<\/td><td><\/td><td><\/td><\/tr><tr><td><\/td><td><\/td><td><\/td><\/tr><tr><td><\/td><td><\/td><td><\/td><\/tr><tr><td><strong>Triesenberg<\/strong><\/td><td><\/td><td><\/td><\/tr><tr><td>Funken Lattawald<\/td><td>Michel Tschiggfrei<br>micheltschiggfrei871@gmail.com<br>Tel: +41 78 919 12 04<\/td><td>15.03.2026<\/td><\/tr><tr><td>Funken Chalberr\u00fcti<\/td><td><\/td><td><\/td><\/tr><tr><td><\/td><td><\/td><td><\/td><\/tr><tr><td><strong>Schaan<\/strong><\/td><td><\/td><td><\/td><\/tr><tr><td>Schaaner Funkenzunft<\/td><td><a href=\"https:\/\/www.facebook.com\/FunkenzunftSchaan\/\">Funkenzunft Schaan | Facebook<\/a><\/td><td>15.03.2026<\/td><\/tr><tr><td><\/td><td><\/td><td><\/td><\/tr><tr><td><strong>Balzers\/M\u00e4ls<\/strong><\/td><td><\/td><td><\/td><\/tr><tr><td>Balzner Allmeind<\/td><td><a href=\"https:\/\/www.instagram.com\/funknergemeinschaftbalzers\/\">Funknergemeinschaft Balzers<\/a><\/td><td>15.03.2026<\/td><\/tr><tr><td>M\u00e4lsner Allmeind<\/td><td><\/td><td><\/td><\/tr><tr><td><\/td><td><\/td><td><\/td><\/tr><tr><td><strong>Vaduz<\/strong><\/td><td><\/td><td><\/td><\/tr><tr><td>Haberfeld<\/td><td><a href=\"https:\/\/www.funka.li\/\">https:\/\/www.funka.li\/<\/a><\/td><td>15.03.2026<\/td><\/tr><tr><td><\/td><td><\/td><td><\/td><\/tr><tr><td><strong>Planken<\/strong><\/td><td><\/td><td><\/td><\/tr><tr><td>Planker Funkner<\/td><td><\/td><td><\/td><\/tr><\/tbody><\/table><\/figure>\n\n\n\n<p><strong>Schweiz<\/strong><\/p>\n\n\n\n<figure class=\"wp-block-table\"><table class=\"has-base-2-color has-text-color has-link-color has-fixed-layout\"><tbody><tr><td>Mooser Funken, Oberriet<\/td><td><a href=\"https:\/\/www.mooserfunken.ch\/\">https:\/\/www.mooserfunken.ch\/<\/a><\/td><td>15.03.2026<\/td><\/tr><tr><td>Flaggala Holzer R\u00e4fis-Burgerau<\/td><td><a href=\"https:\/\/www.flaggala.ch\/\">Willkommen &#8211; Flaggala-Holzer R\u00e4fis-Burgerau<\/a><\/td><td>15.03.2026<\/td><\/tr><tr><td>Pfadfinder Montlingen<\/td><td>Denise Baumgartner<br>Rebenweg 2<br>9462 Montlingen<br><a href=\"mailto:pfadi-stanna@hotmail.com\">pfadi-stanna@hotmail.com<\/a><br><a href=\"https:\/\/www.oberriet.ch\/vereinsliste\/24715\">Link<\/a><\/td><td>24.03.2026<\/td><\/tr><\/tbody><\/table><\/figure>\n\n\n\n<p><strong>\u00d6sterreich<\/strong><\/p>\n\n\n\n<figure class=\"wp-block-table\"><table class=\"has-base-2-color has-text-color has-link-color has-fixed-layout\"><tbody><tr><td>Funkenzunft Hub<\/td><td><a href=\"https:\/\/www.funkenzunfthub.at\/\">https:\/\/www.funkenzunfthub.at\/<\/a><\/td><td>15.03.2026<\/td><\/tr><tr><td>Funkenzunft Weiler<\/td><td><a href=\"https:\/\/www.gemeinde-weiler.at\/Funkenzunft_Weiler\">https:\/\/www.gemeinde-weiler.at\/Funkenzunft_Weiler<\/a><\/td><td>15.03.2026<\/td><\/tr><tr><td>Funkenzunft Altach<\/td><td><a href=\"http:\/\/funkenzunft-altach.at\/\" target=\"_blank\" rel=\"noreferrer noopener\">http:\/\/funkenzunft-altach.at<\/a><\/td><td>15.03.2026<\/td><\/tr><tr><td>Funkenzunft Amerl\u00fcgen<\/td><td>Funkenzunft Amerl\u00fcgen<br>Manuel Loretz<br>Reckholderaweg 20A<br>6820 Frastanz<br><a href=\"mailto:manuel.loretz@gmx.net\">manuel.loretz@gmx.net<\/a><\/td><td><\/td><\/tr><\/tbody><\/table><\/figure>\n","protected":false},"excerpt":{"rendered":"<p>Diese Seite befindet sich im Aufbau. Gerne k\u00f6nnt ihr uns eure aktuellen Kontaktdaten zusenden. Land\/Ort\/Weiler Kontaktdaten Letzte Aktualisierung Liechtenstein Eschen\/Nendeln Stand Hinterd\u00f6rfler Funkner www.hinterdorf.li 15.03.2026 Funkenzunft Halagass &#8211; Rofaberg &#8211; Bongerta Funkenzunft Halagass-Rofaberg-Bongerta 15.03.2026 Unterd\u00f6rfler Funkenzunft https:\/\/www.fzu.li\/ 15.03.2026 Funken Sch\u00f6nb\u00fchl-Hada Funkenzunft Sch\u00f6nb\u00fchl-HadaIsabelle Gst\u00f6hl-FrickPostfach 3449492 EschenTel: +41 78 922 58 48isabelle_n@gmx.ch 15.03.2026 Funkenzunft Nendeln Nendler FunkenzunftStefan [&hellip;]<\/p>\n","protected":false},"author":1,"featured_media":0,"parent":0,"menu_order":0,"comment_status":"closed","ping_status":"closed","template":"page-no-title","meta":{"footnotes":""},"class_list":["post-95","page","type-page","status-publish","hentry"],"yoast_head":"<!-- This site is optimized with the Yoast SEO plugin v26.8 - https:\/\/yoast.com\/product\/yoast-seo-wordpress\/ -->\n<title>Funkenz\u00fcnfte der Region - Funkenwettkampf Liechtenstein<\/title>\n<meta name=\"robots\" content=\"index, follow, max-snippet:-1, max-image-preview:large, max-video-preview:-1\" \/>\n<link rel=\"canonical\" href=\"https:\/\/funkenwettkampf.li\/?page_id=95\" \/>\n<meta property=\"og:locale\" content=\"de_DE\" \/>\n<meta property=\"og:type\" content=\"article\" \/>\n<meta property=\"og:title\" content=\"Funkenz\u00fcnfte der Region - Funkenwettkampf Liechtenstein\" \/>\n<meta property=\"og:description\" content=\"Diese Seite befindet sich im Aufbau. Gerne k\u00f6nnt ihr uns eure aktuellen Kontaktdaten zusenden. Land\/Ort\/Weiler Kontaktdaten Letzte Aktualisierung Liechtenstein Eschen\/Nendeln Stand Hinterd\u00f6rfler Funkner www.hinterdorf.li 15.03.2026 Funkenzunft Halagass &#8211; Rofaberg &#8211; Bongerta Funkenzunft Halagass-Rofaberg-Bongerta 15.03.2026 Unterd\u00f6rfler Funkenzunft https:\/\/www.fzu.li\/ 15.03.2026 Funken Sch\u00f6nb\u00fchl-Hada Funkenzunft Sch\u00f6nb\u00fchl-HadaIsabelle Gst\u00f6hl-FrickPostfach 3449492 EschenTel: +41 78 922 58 48isabelle_n@gmx.ch 15.03.2026 Funkenzunft Nendeln Nendler FunkenzunftStefan [&hellip;]\" \/>\n<meta property=\"og:url\" content=\"https:\/\/funkenwettkampf.li\/?page_id=95\" \/>\n<meta property=\"og:site_name\" content=\"Funkenwettkampf Liechtenstein\" \/>\n<meta property=\"article:modified_time\" content=\"2026-03-24T20:15:52+00:00\" \/>\n<meta name=\"twitter:card\" content=\"summary_large_image\" \/>\n<meta name=\"twitter:label1\" content=\"Gesch\u00e4tzte Lesezeit\" \/>\n\t<meta name=\"twitter:data1\" content=\"2\u00a0Minuten\" \/>\n<script type=\"application\/ld+json\" class=\"yoast-schema-graph\">{\"@context\":\"https:\/\/schema.org\",\"@graph\":[{\"@type\":\"WebPage\",\"@id\":\"https:\/\/funkenwettkampf.li\/?page_id=95\",\"url\":\"https:\/\/funkenwettkampf.li\/?page_id=95\",\"name\":\"Funkenz\u00fcnfte der Region - Funkenwettkampf Liechtenstein\",\"isPartOf\":{\"@id\":\"https:\/\/funkenwettkampf.li\/#website\"},\"datePublished\":\"2026-02-09T20:15:17+00:00\",\"dateModified\":\"2026-03-24T20:15:52+00:00\",\"breadcrumb\":{\"@id\":\"https:\/\/funkenwettkampf.li\/?page_id=95#breadcrumb\"},\"inLanguage\":\"de\",\"potentialAction\":[{\"@type\":\"ReadAction\",\"target\":[\"https:\/\/funkenwettkampf.li\/?page_id=95\"]}]},{\"@type\":\"BreadcrumbList\",\"@id\":\"https:\/\/funkenwettkampf.li\/?page_id=95#breadcrumb\",\"itemListElement\":[{\"@type\":\"ListItem\",\"position\":1,\"name\":\"Start\",\"item\":\"https:\/\/funkenwettkampf.li\/\"},{\"@type\":\"ListItem\",\"position\":2,\"name\":\"Funkenz\u00fcnfte der Region\"}]},{\"@type\":\"WebSite\",\"@id\":\"https:\/\/funkenwettkampf.li\/#website\",\"url\":\"https:\/\/funkenwettkampf.li\/\",\"name\":\"Funkenwettkampf Liechtenstein\",\"description\":\"Funkenz\u00fcnfte messen sich\",\"publisher\":{\"@id\":\"https:\/\/funkenwettkampf.li\/#organization\"},\"potentialAction\":[{\"@type\":\"SearchAction\",\"target\":{\"@type\":\"EntryPoint\",\"urlTemplate\":\"https:\/\/funkenwettkampf.li\/?s={search_term_string}\"},\"query-input\":{\"@type\":\"PropertyValueSpecification\",\"valueRequired\":true,\"valueName\":\"search_term_string\"}}],\"inLanguage\":\"de\"},{\"@type\":\"Organization\",\"@id\":\"https:\/\/funkenwettkampf.li\/#organization\",\"name\":\"Hinterd\u00f6rfler Funkner - Eschen - Liechtenstein\",\"url\":\"https:\/\/funkenwettkampf.li\/\",\"logo\":{\"@type\":\"ImageObject\",\"inLanguage\":\"de\",\"@id\":\"https:\/\/funkenwettkampf.li\/#\/schema\/logo\/image\/\",\"url\":\"https:\/\/funkenwettkampf.li\/wp-content\/uploads\/2026\/01\/background.jpg\",\"contentUrl\":\"https:\/\/funkenwettkampf.li\/wp-content\/uploads\/2026\/01\/background.jpg\",\"width\":1536,\"height\":1024,\"caption\":\"Hinterd\u00f6rfler Funkner - Eschen - Liechtenstein\"},\"image\":{\"@id\":\"https:\/\/funkenwettkampf.li\/#\/schema\/logo\/image\/\"}}]}<\/script>\n<!-- \/ Yoast SEO plugin. -->","yoast_head_json":{"title":"Funkenz\u00fcnfte der Region - Funkenwettkampf Liechtenstein","robots":{"index":"index","follow":"follow","max-snippet":"max-snippet:-1","max-image-preview":"max-image-preview:large","max-video-preview":"max-video-preview:-1"},"canonical":"https:\/\/funkenwettkampf.li\/?page_id=95","og_locale":"de_DE","og_type":"article","og_title":"Funkenz\u00fcnfte der Region - Funkenwettkampf Liechtenstein","og_description":"Diese Seite befindet sich im Aufbau. Gerne k\u00f6nnt ihr uns eure aktuellen Kontaktdaten zusenden. Land\/Ort\/Weiler Kontaktdaten Letzte Aktualisierung Liechtenstein Eschen\/Nendeln Stand Hinterd\u00f6rfler Funkner www.hinterdorf.li 15.03.2026 Funkenzunft Halagass &#8211; Rofaberg &#8211; Bongerta Funkenzunft Halagass-Rofaberg-Bongerta 15.03.2026 Unterd\u00f6rfler Funkenzunft https:\/\/www.fzu.li\/ 15.03.2026 Funken Sch\u00f6nb\u00fchl-Hada Funkenzunft Sch\u00f6nb\u00fchl-HadaIsabelle Gst\u00f6hl-FrickPostfach 3449492 EschenTel: +41 78 922 58 48isabelle_n@gmx.ch 15.03.2026 Funkenzunft Nendeln Nendler FunkenzunftStefan [&hellip;]","og_url":"https:\/\/funkenwettkampf.li\/?page_id=95","og_site_name":"Funkenwettkampf Liechtenstein","article_modified_time":"2026-03-24T20:15:52+00:00","twitter_card":"summary_large_image","twitter_misc":{"Gesch\u00e4tzte Lesezeit":"2\u00a0Minuten"},"schema":{"@context":"https:\/\/schema.org","@graph":[{"@type":"WebPage","@id":"https:\/\/funkenwettkampf.li\/?page_id=95","url":"https:\/\/funkenwettkampf.li\/?page_id=95","name":"Funkenz\u00fcnfte der Region - Funkenwettkampf Liechtenstein","isPartOf":{"@id":"https:\/\/funkenwettkampf.li\/#website"},"datePublished":"2026-02-09T20:15:17+00:00","dateModified":"2026-03-24T20:15:52+00:00","breadcrumb":{"@id":"https:\/\/funkenwettkampf.li\/?page_id=95#breadcrumb"},"inLanguage":"de","potentialAction":[{"@type":"ReadAction","target":["https:\/\/funkenwettkampf.li\/?page_id=95"]}]},{"@type":"BreadcrumbList","@id":"https:\/\/funkenwettkampf.li\/?page_id=95#breadcrumb","itemListElement":[{"@type":"ListItem","position":1,"name":"Start","item":"https:\/\/funkenwettkampf.li\/"},{"@type":"ListItem","position":2,"name":"Funkenz\u00fcnfte der Region"}]},{"@type":"WebSite","@id":"https:\/\/funkenwettkampf.li\/#website","url":"https:\/\/funkenwettkampf.li\/","name":"Funkenwettkampf Liechtenstein","description":"Funkenz\u00fcnfte messen sich","publisher":{"@id":"https:\/\/funkenwettkampf.li\/#organization"},"potentialAction":[{"@type":"SearchAction","target":{"@type":"EntryPoint","urlTemplate":"https:\/\/funkenwettkampf.li\/?s={search_term_string}"},"query-input":{"@type":"PropertyValueSpecification","valueRequired":true,"valueName":"search_term_string"}}],"inLanguage":"de"},{"@type":"Organization","@id":"https:\/\/funkenwettkampf.li\/#organization","name":"Hinterd\u00f6rfler Funkner - Eschen - Liechtenstein","url":"https:\/\/funkenwettkampf.li\/","logo":{"@type":"ImageObject","inLanguage":"de","@id":"https:\/\/funkenwettkampf.li\/#\/schema\/logo\/image\/","url":"https:\/\/funkenwettkampf.li\/wp-content\/uploads\/2026\/01\/background.jpg","contentUrl":"https:\/\/funkenwettkampf.li\/wp-content\/uploads\/2026\/01\/background.jpg","width":1536,"height":1024,"caption":"Hinterd\u00f6rfler Funkner - Eschen - Liechtenstein"},"image":{"@id":"https:\/\/funkenwettkampf.li\/#\/schema\/logo\/image\/"}}]}},"_links":{"self":[{"href":"https:\/\/funkenwettkampf.li\/index.php?rest_route=\/wp\/v2\/pages\/95","targetHints":{"allow":["GET"]}}],"collection":[{"href":"https:\/\/funkenwettkampf.li\/index.php?rest_route=\/wp\/v2\/pages"}],"about":[{"href":"https:\/\/funkenwettkampf.li\/index.php?rest_route=\/wp\/v2\/types\/page"}],"author":[{"embeddable":true,"href":"https:\/\/funkenwettkampf.li\/index.php?rest_route=\/wp\/v2\/users\/1"}],"replies":[{"embeddable":true,"href":"https:\/\/funkenwettkampf.li\/index.php?rest_route=%2Fwp%2Fv2%2Fcomments&post=95"}],"version-history":[{"count":16,"href":"https:\/\/funkenwettkampf.li\/index.php?rest_route=\/wp\/v2\/pages\/95\/revisions"}],"predecessor-version":[{"id":254,"href":"https:\/\/funkenwettkampf.li\/index.php?rest_route=\/wp\/v2\/pages\/95\/revisions\/254"}],"wp:attachment":[{"href":"https:\/\/funkenwettkampf.li\/index.php?rest_route=%2Fwp%2Fv2%2Fmedia&parent=95"}],"curies":[{"name":"wp","href":"https:\/\/api.w.org\/{rel}","templated":true}]}}